{"id":1184,"date":"2021-07-25T23:17:21","date_gmt":"2021-07-25T23:17:21","guid":{"rendered":"https:\/\/artbyjoseebourassa.com\/?post_type=product&#038;p=1184"},"modified":"2024-01-29T20:50:24","modified_gmt":"2024-01-29T20:50:24","slug":"om-2-2","status":"publish","type":"product","link":"https:\/\/artbyjoseebourassa.com\/fr\/produit\/om-2-2\/","title":{"rendered":"Om!"},"content":{"rendered":"<p>[et_pb_section fb_built=&#8221;1&#8243; _builder_version=&#8221;4.16&#8243; custom_padding=&#8221;0px||||false|false&#8221; global_colors_info=&#8221;{}&#8221;][et_pb_row _builder_version=&#8221;4.16&#8243; background_size=&#8221;initial&#8221; background_position=&#8221;top_left&#8221; background_repeat=&#8221;repeat&#8221; width=&#8221;100%&#8221; custom_padding=&#8221;0px||0px||false|false&#8221; global_colors_info=&#8221;{}&#8221;][et_pb_column type=&#8221;4_4&#8243; _builder_version=&#8221;4.16&#8243; custom_padding=&#8221;|||&#8221; global_colors_info=&#8221;{}&#8221; custom_padding__hover=&#8221;|||&#8221;][et_pb_wc_breadcrumb _builder_version=&#8221;4.16&#8243; global_colors_info=&#8221;{}&#8221;][\/et_pb_wc_breadcrumb][et_pb_wc_cart_notice _builder_version=&#8221;4.16&#8243; global_colors_info=&#8221;{}&#8221;][\/et_pb_wc_cart_notice][\/et_pb_column][\/et_pb_row][et_pb_row column_structure=&#8221;1_2,1_2&#8243; _builder_version=&#8221;4.16&#8243; background_size=&#8221;initial&#8221; background_position=&#8221;top_left&#8221; background_repeat=&#8221;repeat&#8221; width=&#8221;100%&#8221; custom_padding=&#8221;0px||||false|false&#8221; global_colors_info=&#8221;{}&#8221;][et_pb_column type=&#8221;1_2&#8243; _builder_version=&#8221;4.16&#8243; custom_padding=&#8221;|||&#8221; global_colors_info=&#8221;{}&#8221; custom_padding__hover=&#8221;|||&#8221;][et_pb_wc_images _builder_version=&#8221;4.16&#8243; global_colors_info=&#8221;{}&#8221;][\/et_pb_wc_images][\/et_pb_column][et_pb_column type=&#8221;1_2&#8243; _builder_version=&#8221;4.16&#8243; custom_padding=&#8221;|||&#8221; global_colors_info=&#8221;{}&#8221; custom_padding__hover=&#8221;|||&#8221;][et_pb_wc_title _builder_version=&#8221;4.16&#8243; global_colors_info=&#8221;{}&#8221;][\/et_pb_wc_title][et_pb_wc_rating _builder_version=&#8221;4.16&#8243; global_colors_info=&#8221;{}&#8221;][\/et_pb_wc_rating][et_pb_wc_price _builder_version=&#8221;4.16&#8243; global_colors_info=&#8221;{}&#8221;][\/et_pb_wc_price][et_pb_wc_description _builder_version=&#8221;4.16&#8243; global_colors_info=&#8221;{}&#8221;][\/et_pb_wc_description][et_pb_wc_add_to_cart _builder_version=&#8221;4.16&#8243; global_colors_info=&#8221;{}&#8221;][\/et_pb_wc_add_to_cart][\/et_pb_column][\/et_pb_row][et_pb_row _builder_version=&#8221;4.16&#8243; background_size=&#8221;initial&#8221; background_position=&#8221;top_left&#8221; background_repeat=&#8221;repeat&#8221; width=&#8221;100%&#8221; global_colors_info=&#8221;{}&#8221;][et_pb_column type=&#8221;4_4&#8243; _builder_version=&#8221;4.16&#8243; custom_padding=&#8221;|||&#8221; global_colors_info=&#8221;{}&#8221; custom_padding__hover=&#8221;|||&#8221;][et_pb_wc_upsells _builder_version=&#8221;4.16&#8243; global_colors_info=&#8221;{}&#8221;][\/et_pb_wc_upsells][et_pb_wc_related_products _builder_version=&#8221;4.16&#8243; global_colors_info=&#8221;{}&#8221;][\/et_pb_wc_related_products][\/et_pb_column][\/et_pb_row][\/et_pb_section]<\/p>\n","protected":false},"excerpt":{"rendered":"<p class=\"translation-block\">OM ! est un mantra et un son sacr\u00e9 qui est traditionnellement r\u00e9p\u00e9t\u00e9 au d\u00e9but et \u00e0 la fin d\u2019une pratique de yoga. Dans un cadre de yoga, le chant de om au d\u00e9but du cours introduit les pratiquants dans le temps et l\u2019espace qui sont sur le point d\u2019\u00eatre pass\u00e9s sur le tapis ou en m\u00e9ditation. De m\u00eame, un om \u00e0 la fin du cours signifie que votre pratique physique est termin\u00e9e et qu\u2019il est temps de r\u00e9int\u00e9grer la soci\u00e9t\u00e9.<\/p>\n<p>Grandeur:  27.0 cm (11 po) largeur x 18.0 cm (7 po) hauteur (comprenant cadre noir et passe-partout blanc)<\/p>\n<p>&nbsp;<\/p>","protected":false},"featured_media":1186,"comment_status":"closed","ping_status":"closed","template":"","meta":{"_et_pb_use_builder":"on","_et_pb_old_content":"","_et_gb_content_width":"","_exactmetrics_skip_tracking":false,"_exactmetrics_sitenote_active":false,"_exactmetrics_sitenote_note":"","_exactmetrics_sitenote_category":0},"product_brand":[],"product_cat":[21],"product_tag":[178,177,37,180,152,90,29,25,22,45,41,179],"class_list":{"0":"post-1184","1":"product","2":"type-product","3":"status-publish","4":"has-post-thumbnail","6":"product_cat-original-watercolour","7":"product_tag-18-cm-high","8":"product_tag-27-cm-high","9":"product_tag-black-frame","10":"product_tag-meditation","11":"product_tag-om","12":"product_tag-original-watercolor","13":"product_tag-ottawa-artist","14":"product_tag-ready-to-hang","15":"product_tag-watercolor","16":"product_tag-white-mat","17":"product_tag-winsor-newton-watercolor","18":"product_tag-yoga","20":"first","21":"instock","22":"shipping-taxable","23":"purchasable","24":"product-type-simple"},"yoast_head":"<!-- This site is optimized with the Yoast SEO plugin v27.5 - https:\/\/yoast.com\/product\/yoast-seo-wordpress\/ -->\n<title>Om! - Art by Josee Bourassa<\/title>\n<meta name=\"description\" content=\"OM! is a mantra and sacred sound that is traditionally repeated at the beginning and end of a\u00a0yoga\u00a0practice.\" \/>\n<meta name=\"robots\" content=\"index, follow, max-snippet:-1, max-image-preview:large, max-video-preview:-1\" \/>\n<link rel=\"canonical\" href=\"https:\/\/artbyjoseebourassa.com\/fr\/produit\/om-2-2\/\" \/>\n<meta property=\"og:locale\" content=\"fr_CA\" \/>\n<meta property=\"og:type\" content=\"article\" \/>\n<meta property=\"og:title\" content=\"Om! - Art by Josee Bourassa\" \/>\n<meta property=\"og:description\" content=\"OM! is a mantra and sacred sound that is traditionally repeated at the beginning and end of a\u00a0yoga\u00a0practice.\" \/>\n<meta property=\"og:url\" content=\"https:\/\/artbyjoseebourassa.com\/fr\/produit\/om-2-2\/\" \/>\n<meta property=\"og:site_name\" content=\"Art by Josee Bourassa\" \/>\n<meta property=\"article:publisher\" content=\"https:\/\/www.facebook.com\/Art-by-Josee-Bourassa-112281860452960\/\" \/>\n<meta property=\"article:modified_time\" content=\"2024-01-29T20:50:24+00:00\" \/>\n<meta property=\"og:image\" content=\"https:\/\/artbyjoseebourassa.com\/wp-content\/uploads\/2021\/07\/OM-800-X-800.jpg\" \/>\n\t<meta property=\"og:image:width\" content=\"557\" \/>\n\t<meta property=\"og:image:height\" content=\"355\" \/>\n\t<meta property=\"og:image:type\" content=\"image\/jpeg\" \/>\n<meta name=\"twitter:card\" content=\"summary_large_image\" \/>\n<meta name=\"twitter:label1\" content=\"Estimation du temps de lecture\" \/>\n\t<meta name=\"twitter:data1\" content=\"1 minute\" \/>\n<script type=\"application\/ld+json\" class=\"yoast-schema-graph\">{\"@context\":\"https:\\\/\\\/schema.org\",\"@graph\":[{\"@type\":\"WebPage\",\"@id\":\"https:\\\/\\\/artbyjoseebourassa.com\\\/product\\\/om-2-2\\\/\",\"url\":\"https:\\\/\\\/artbyjoseebourassa.com\\\/product\\\/om-2-2\\\/\",\"name\":\"Om! - Art by Josee Bourassa\",\"isPartOf\":{\"@id\":\"https:\\\/\\\/artbyjoseebourassa.com\\\/#website\"},\"primaryImageOfPage\":{\"@id\":\"https:\\\/\\\/artbyjoseebourassa.com\\\/product\\\/om-2-2\\\/#primaryimage\"},\"image\":{\"@id\":\"https:\\\/\\\/artbyjoseebourassa.com\\\/product\\\/om-2-2\\\/#primaryimage\"},\"thumbnailUrl\":\"https:\\\/\\\/i0.wp.com\\\/artbyjoseebourassa.com\\\/wp-content\\\/uploads\\\/2021\\\/07\\\/OM-800-X-800.jpg?fit=557%2C355&ssl=1\",\"datePublished\":\"2021-07-25T23:17:21+00:00\",\"dateModified\":\"2024-01-29T20:50:24+00:00\",\"description\":\"OM! is a mantra and sacred sound that is traditionally repeated at the beginning and end of a\u00a0yoga\u00a0practice.\",\"breadcrumb\":{\"@id\":\"https:\\\/\\\/artbyjoseebourassa.com\\\/product\\\/om-2-2\\\/#breadcrumb\"},\"inLanguage\":\"fr-CA\",\"potentialAction\":[{\"@type\":\"ReadAction\",\"target\":[\"https:\\\/\\\/artbyjoseebourassa.com\\\/product\\\/om-2-2\\\/\"]}]},{\"@type\":\"ImageObject\",\"inLanguage\":\"fr-CA\",\"@id\":\"https:\\\/\\\/artbyjoseebourassa.com\\\/product\\\/om-2-2\\\/#primaryimage\",\"url\":\"https:\\\/\\\/i0.wp.com\\\/artbyjoseebourassa.com\\\/wp-content\\\/uploads\\\/2021\\\/07\\\/OM-800-X-800.jpg?fit=557%2C355&ssl=1\",\"contentUrl\":\"https:\\\/\\\/i0.wp.com\\\/artbyjoseebourassa.com\\\/wp-content\\\/uploads\\\/2021\\\/07\\\/OM-800-X-800.jpg?fit=557%2C355&ssl=1\",\"width\":557,\"height\":355},{\"@type\":\"BreadcrumbList\",\"@id\":\"https:\\\/\\\/artbyjoseebourassa.com\\\/product\\\/om-2-2\\\/#breadcrumb\",\"itemListElement\":[{\"@type\":\"ListItem\",\"position\":1,\"name\":\"Home\",\"item\":\"https:\\\/\\\/artbyjoseebourassa.com\\\/\"},{\"@type\":\"ListItem\",\"position\":2,\"name\":\"Artworks\",\"item\":\"https:\\\/\\\/artbyjoseebourassa.com\\\/shop\\\/\"},{\"@type\":\"ListItem\",\"position\":3,\"name\":\"Om!\"}]},{\"@type\":\"WebSite\",\"@id\":\"https:\\\/\\\/artbyjoseebourassa.com\\\/#website\",\"url\":\"https:\\\/\\\/artbyjoseebourassa.com\\\/\",\"name\":\"Art by Josee Bourassa\",\"description\":\"Ottawa based watercolour artist\",\"publisher\":{\"@id\":\"https:\\\/\\\/artbyjoseebourassa.com\\\/#organization\"},\"potentialAction\":[{\"@type\":\"SearchAction\",\"target\":{\"@type\":\"EntryPoint\",\"urlTemplate\":\"https:\\\/\\\/artbyjoseebourassa.com\\\/?s={search_term_string}\"},\"query-input\":{\"@type\":\"PropertyValueSpecification\",\"valueRequired\":true,\"valueName\":\"search_term_string\"}}],\"inLanguage\":\"fr-CA\"},{\"@type\":\"Organization\",\"@id\":\"https:\\\/\\\/artbyjoseebourassa.com\\\/#organization\",\"name\":\"Art by Josee Bourassa\",\"url\":\"https:\\\/\\\/artbyjoseebourassa.com\\\/\",\"logo\":{\"@type\":\"ImageObject\",\"inLanguage\":\"fr-CA\",\"@id\":\"https:\\\/\\\/artbyjoseebourassa.com\\\/#\\\/schema\\\/logo\\\/image\\\/\",\"url\":\"\",\"contentUrl\":\"\",\"caption\":\"Art by Josee Bourassa\"},\"image\":{\"@id\":\"https:\\\/\\\/artbyjoseebourassa.com\\\/#\\\/schema\\\/logo\\\/image\\\/\"},\"sameAs\":[\"https:\\\/\\\/www.facebook.com\\\/Art-by-Josee-Bourassa-112281860452960\\\/\",\"https:\\\/\\\/www.instagram.com\\\/artbyjoseebourassa\\\/\"]}]}<\/script>\n<!-- \/ Yoast SEO plugin. -->","yoast_head_json":{"title":"Om! - Art by Josee Bourassa","description":"OM! is a mantra and sacred sound that is traditionally repeated at the beginning and end of a\u00a0yoga\u00a0practice.","robots":{"index":"index","follow":"follow","max-snippet":"max-snippet:-1","max-image-preview":"max-image-preview:large","max-video-preview":"max-video-preview:-1"},"canonical":"https:\/\/artbyjoseebourassa.com\/fr\/produit\/om-2-2\/","og_locale":"fr_CA","og_type":"article","og_title":"Om! - Art by Josee Bourassa","og_description":"OM! is a mantra and sacred sound that is traditionally repeated at the beginning and end of a\u00a0yoga\u00a0practice.","og_url":"https:\/\/artbyjoseebourassa.com\/fr\/produit\/om-2-2\/","og_site_name":"Art by Josee Bourassa","article_publisher":"https:\/\/www.facebook.com\/Art-by-Josee-Bourassa-112281860452960\/","article_modified_time":"2024-01-29T20:50:24+00:00","og_image":[{"width":557,"height":355,"url":"https:\/\/artbyjoseebourassa.com\/wp-content\/uploads\/2021\/07\/OM-800-X-800.jpg","type":"image\/jpeg"}],"twitter_card":"summary_large_image","twitter_misc":{"Estimation du temps de lecture":"1 minute"},"schema":{"@context":"https:\/\/schema.org","@graph":[{"@type":"WebPage","@id":"https:\/\/artbyjoseebourassa.com\/product\/om-2-2\/","url":"https:\/\/artbyjoseebourassa.com\/product\/om-2-2\/","name":"Om! - Art by Josee Bourassa","isPartOf":{"@id":"https:\/\/artbyjoseebourassa.com\/#website"},"primaryImageOfPage":{"@id":"https:\/\/artbyjoseebourassa.com\/product\/om-2-2\/#primaryimage"},"image":{"@id":"https:\/\/artbyjoseebourassa.com\/product\/om-2-2\/#primaryimage"},"thumbnailUrl":"https:\/\/i0.wp.com\/artbyjoseebourassa.com\/wp-content\/uploads\/2021\/07\/OM-800-X-800.jpg?fit=557%2C355&ssl=1","datePublished":"2021-07-25T23:17:21+00:00","dateModified":"2024-01-29T20:50:24+00:00","description":"OM! is a mantra and sacred sound that is traditionally repeated at the beginning and end of a\u00a0yoga\u00a0practice.","breadcrumb":{"@id":"https:\/\/artbyjoseebourassa.com\/product\/om-2-2\/#breadcrumb"},"inLanguage":"fr-CA","potentialAction":[{"@type":"ReadAction","target":["https:\/\/artbyjoseebourassa.com\/product\/om-2-2\/"]}]},{"@type":"ImageObject","inLanguage":"fr-CA","@id":"https:\/\/artbyjoseebourassa.com\/product\/om-2-2\/#primaryimage","url":"https:\/\/i0.wp.com\/artbyjoseebourassa.com\/wp-content\/uploads\/2021\/07\/OM-800-X-800.jpg?fit=557%2C355&ssl=1","contentUrl":"https:\/\/i0.wp.com\/artbyjoseebourassa.com\/wp-content\/uploads\/2021\/07\/OM-800-X-800.jpg?fit=557%2C355&ssl=1","width":557,"height":355},{"@type":"BreadcrumbList","@id":"https:\/\/artbyjoseebourassa.com\/product\/om-2-2\/#breadcrumb","itemListElement":[{"@type":"ListItem","position":1,"name":"Home","item":"https:\/\/artbyjoseebourassa.com\/"},{"@type":"ListItem","position":2,"name":"Artworks","item":"https:\/\/artbyjoseebourassa.com\/shop\/"},{"@type":"ListItem","position":3,"name":"Om!"}]},{"@type":"WebSite","@id":"https:\/\/artbyjoseebourassa.com\/#website","url":"https:\/\/artbyjoseebourassa.com\/","name":"Art by Jos\u00e9e Bourassa","description":"Ottawa based watercolour artist","publisher":{"@id":"https:\/\/artbyjoseebourassa.com\/#organization"},"potentialAction":[{"@type":"SearchAction","target":{"@type":"EntryPoint","urlTemplate":"https:\/\/artbyjoseebourassa.com\/?s={search_term_string}"},"query-input":{"@type":"PropertyValueSpecification","valueRequired":true,"valueName":"search_term_string"}}],"inLanguage":"fr-CA"},{"@type":"Organization","@id":"https:\/\/artbyjoseebourassa.com\/#organization","name":"Art by Jos\u00e9e Bourassa","url":"https:\/\/artbyjoseebourassa.com\/","logo":{"@type":"ImageObject","inLanguage":"fr-CA","@id":"https:\/\/artbyjoseebourassa.com\/#\/schema\/logo\/image\/","url":"","contentUrl":"","caption":"Art by Josee Bourassa"},"image":{"@id":"https:\/\/artbyjoseebourassa.com\/#\/schema\/logo\/image\/"},"sameAs":["https:\/\/www.facebook.com\/Art-by-Josee-Bourassa-112281860452960\/","https:\/\/www.instagram.com\/artbyjoseebourassa\/"]}]}},"jetpack_likes_enabled":true,"jetpack_sharing_enabled":true,"_links":{"self":[{"href":"https:\/\/artbyjoseebourassa.com\/fr\/wp-json\/wp\/v2\/product\/1184","targetHints":{"allow":["GET"]}}],"collection":[{"href":"https:\/\/artbyjoseebourassa.com\/fr\/wp-json\/wp\/v2\/product"}],"about":[{"href":"https:\/\/artbyjoseebourassa.com\/fr\/wp-json\/wp\/v2\/types\/product"}],"replies":[{"embeddable":true,"href":"https:\/\/artbyjoseebourassa.com\/fr\/wp-json\/wp\/v2\/comments?post=1184"}],"wp:featuredmedia":[{"embeddable":true,"href":"https:\/\/artbyjoseebourassa.com\/fr\/wp-json\/wp\/v2\/media\/1186"}],"wp:attachment":[{"href":"https:\/\/artbyjoseebourassa.com\/fr\/wp-json\/wp\/v2\/media?parent=1184"}],"wp:term":[{"taxonomy":"product_brand","embeddable":true,"href":"https:\/\/artbyjoseebourassa.com\/fr\/wp-json\/wp\/v2\/product_brand?post=1184"},{"taxonomy":"product_cat","embeddable":true,"href":"https:\/\/artbyjoseebourassa.com\/fr\/wp-json\/wp\/v2\/product_cat?post=1184"},{"taxonomy":"product_tag","embeddable":true,"href":"https:\/\/artbyjoseebourassa.com\/fr\/wp-json\/wp\/v2\/product_tag?post=1184"}],"curies":[{"name":"wp","href":"https:\/\/api.w.org\/{rel}","templated":true}]}}